{"id":19,"date":"2026-01-02T11:48:36","date_gmt":"2026-01-02T11:48:36","guid":{"rendered":"https:\/\/peruvianexotics.com.pe\/?page_id=19"},"modified":"2026-01-05T13:46:20","modified_gmt":"2026-01-05T13:46:20","slug":"contacto-2","status":"publish","type":"page","link":"https:\/\/peruvianexotics.com.pe\/?page_id=19","title":{"rendered":"Contacto"},"content":{"rendered":"\n<div style=\"height:156px\" aria-hidden=\"true\" class=\"wp-block-spacer\"><\/div>\n\n\n\n<div class=\"wp-block-group has-global-padding is-layout-constrained wp-block-group-is-layout-constrained\">\n<div class=\"wp-block-columns are-vertically-aligned-top is-layout-flex wp-container-core-columns-is-layout-d7d455e7 wp-block-columns-is-layout-flex\" style=\"padding-top:0;padding-right:0;padding-bottom:0;padding-left:0\">\n<div class=\"wp-block-column is-vertically-aligned-top is-layout-flow wp-block-column-is-layout-flow\" style=\"padding-right:7%;flex-basis:50%\">\n<p class=\"has-text-color\" style=\"color:#0bb4aa\">\u00a1Conectemos!<\/p>\n\n\n\n<h2 class=\"wp-block-heading has-large-font-size\">\u00bfListo para comenzar tu pr\u00f3ximo proyecto?<br><\/h2>\n<\/div>\n\n\n\n<div class=\"wp-block-column is-vertically-aligned-top is-layout-flow wp-block-column-is-layout-flow\" style=\"flex-basis:50%\"><\/div>\n<\/div>\n<\/div>\n\n\n\n<div class=\"wp-block-group alignfull has-global-padding is-layout-constrained wp-container-core-group-is-layout-19e250f3 wp-block-group-is-layout-constrained\">\n<div class=\"wp-block-columns alignfull are-vertically-aligned-center has-light-background-background-color has-background is-layout-flex wp-container-core-columns-is-layout-dd282781 wp-block-columns-is-layout-flex\" style=\"padding-top:0;padding-right:0;padding-bottom:0;padding-left:0\">\n<div class=\"wp-block-column is-vertically-aligned-center map-grayscale is-layout-flow wp-block-column-is-layout-flow\" style=\"flex-basis:50%\">\n<figure class=\"wp-block-image size-large\"><img loading=\"lazy\" decoding=\"async\" width=\"1024\" height=\"491\" src=\"https:\/\/peruvianexotics.com.pe\/wp-content\/uploads\/2026\/01\/Captura-de-pantalla-2026-01-05-a-las-14.39.05-1024x491.png\" alt=\"\" class=\"wp-image-82\" srcset=\"https:\/\/peruvianexotics.com.pe\/wp-content\/uploads\/2026\/01\/Captura-de-pantalla-2026-01-05-a-las-14.39.05-1024x491.png 1024w, https:\/\/peruvianexotics.com.pe\/wp-content\/uploads\/2026\/01\/Captura-de-pantalla-2026-01-05-a-las-14.39.05-300x144.png 300w, https:\/\/peruvianexotics.com.pe\/wp-content\/uploads\/2026\/01\/Captura-de-pantalla-2026-01-05-a-las-14.39.05-2000x958.png 2000w\" sizes=\"auto, (max-width: 1024px) 100vw, 1024px\" \/><\/figure>\n<\/div>\n\n\n\n<div class=\"wp-block-column is-vertically-aligned-center is-layout-flow wp-block-column-is-layout-flow\" style=\"padding-top:var(--wp--preset--spacing--small);padding-right:var(--wp--preset--spacing--small);padding-bottom:var(--wp--preset--spacing--small);padding-left:2%;flex-basis:50%\">\n<h3 class=\"wp-block-heading has-large-font-size\">Peruvian Exotics<\/h3>\n\n\n\n<h3 class=\"wp-block-heading\">JR. Domingo Milan 956 Dpto. 403<\/h3>\n\n\n\n<p>Altura Cuadra 16 de JR. Pachacutec<\/p>\n\n\n\n<p>Jes\u00fas Mar\u00eda &#8211; Lima &#8211; Per\u00fa<br><\/p>\n\n\n\n<h3 class=\"wp-block-heading\"><strong>Correo<\/strong><\/h3>\n\n\n\n<p>info@peruvianexotics.com.pe<\/p>\n\n\n\n<h3 class=\"wp-block-heading\"><strong>Movil<\/strong><\/h3>\n\n\n\n<p>(511) 983 992 847<\/p>\n<\/div>\n<\/div>\n<\/div>\n\n\n\n<div class=\"wp-block-group is-layout-flow wp-block-group-is-layout-flow\"><\/div>\n\n\n\n<div class=\"wp-block-group has-global-padding is-layout-constrained wp-block-group-is-layout-constrained\">\n<div style=\"height:33px\" aria-hidden=\"true\" class=\"wp-block-spacer\"><\/div>\n\n\n\n<div style=\"height:45px\" aria-hidden=\"true\" class=\"wp-block-spacer\"><\/div>\n<\/div>\n","protected":false},"excerpt":{"rendered":"<p>\u00a1Conectemos! \u00bfListo para comenzar tu pr\u00f3ximo proyecto? Peruvian Exotics JR. Domingo Milan 956 Dpto. 403 Altura Cuadra 16 de JR. Pachacutec Jes\u00fas Mar\u00eda &#8211; Lima &#8211; Per\u00fa Correo info@peruvianexotics.com.pe Movil (511) 983 992 847 WHERE ARE WE LOCATED Our Locations AmsterdamMunichBrusselsHong KongBarcelona New YorkParisSan FranciscoSydneyTokyo<\/p>\n","protected":false},"author":1,"featured_media":63,"parent":0,"menu_order":0,"comment_status":"closed","ping_status":"closed","template":"","meta":{"_inspiro_hide_title":false,"footnotes":""},"class_list":["post-19","page","type-page","status-publish","has-post-thumbnail","hentry"],"_links":{"self":[{"href":"https:\/\/peruvianexotics.com.pe\/index.php?rest_route=\/wp\/v2\/pages\/19","targetHints":{"allow":["GET"]}}],"collection":[{"href":"https:\/\/peruvianexotics.com.pe\/index.php?rest_route=\/wp\/v2\/pages"}],"about":[{"href":"https:\/\/peruvianexotics.com.pe\/index.php?rest_route=\/wp\/v2\/types\/page"}],"author":[{"embeddable":true,"href":"https:\/\/peruvianexotics.com.pe\/index.php?rest_route=\/wp\/v2\/users\/1"}],"replies":[{"embeddable":true,"href":"https:\/\/peruvianexotics.com.pe\/index.php?rest_route=%2Fwp%2Fv2%2Fcomments&post=19"}],"version-history":[{"count":3,"href":"https:\/\/peruvianexotics.com.pe\/index.php?rest_route=\/wp\/v2\/pages\/19\/revisions"}],"predecessor-version":[{"id":84,"href":"https:\/\/peruvianexotics.com.pe\/index.php?rest_route=\/wp\/v2\/pages\/19\/revisions\/84"}],"wp:featuredmedia":[{"embeddable":true,"href":"https:\/\/peruvianexotics.com.pe\/index.php?rest_route=\/wp\/v2\/media\/63"}],"wp:attachment":[{"href":"https:\/\/peruvianexotics.com.pe\/index.php?rest_route=%2Fwp%2Fv2%2Fmedia&parent=19"}],"curies":[{"name":"wp","href":"https:\/\/api.w.org\/{rel}","templated":true}]}}