{"id":17,"date":"2026-01-02T11:48:35","date_gmt":"2026-01-02T11:48:35","guid":{"rendered":"https:\/\/peruvianexotics.com.pe\/?page_id=17"},"modified":"2026-03-25T11:40:48","modified_gmt":"2026-03-25T11:40:48","slug":"home","status":"publish","type":"page","link":"https:\/\/peruvianexotics.com.pe\/","title":{"rendered":"Home"},"content":{"rendered":"\n<div class=\"wp-block-cover alignfull has-parallax has-aspect-ratio\" style=\"min-height:100vh;aspect-ratio:16\/9;min-height:unset;\"><div class=\"wp-block-cover__image-background wp-image-232 size-full has-parallax\" style=\"background-position:50% 50%;background-image:url(https:\/\/peruvianexotics.com.pe\/wp-content\/uploads\/2026\/03\/Campo-calabaza-cortada-kabocha_full-scaled.jpg)\"><\/div><span aria-hidden=\"true\" class=\"wp-block-cover__background has-background-dim-0 has-background-dim\"><\/span><div class=\"wp-block-cover__inner-container has-global-padding is-layout-constrained wp-block-cover-is-layout-constrained\">\n<p class=\"has-text-align-center has-white-color has-text-color has-max-60-font-size\" style=\"font-style:normal;font-weight:900;line-height:1.2\"><strong>Cultivamos calidad,<\/strong><br><strong>exportamos confianza.<\/strong><\/p>\n\n\n\n<h4 class=\"wp-block-heading has-text-align-center has-white-color has-text-color has-small-font-size\">Desde los f\u00e9rtiles valles de Ica y Pisco, llevamos al mundo cebollas dulces y calabazas premium<\/h4>\n\n\n\n<div style=\"height:3px\" aria-hidden=\"true\" class=\"wp-block-spacer\"><\/div>\n\n\n\n<div class=\"wp-block-buttons is-content-justification-center is-layout-flex wp-container-core-buttons-is-layout-a89b3969 wp-block-buttons-is-layout-flex\">\n<div class=\"wp-block-button is-style-outline is-style-outline--1\"><a class=\"wp-block-button__link has-white-color has-text-color wp-element-button\" href=\"https:\/\/peruvianexotics.com.pe\/?page_id=140\" style=\"border-radius:0px\">NUESTROS PRODUCTOS<\/a><\/div>\n<\/div>\n<\/div><\/div>\n\n\n\n<div class=\"wp-block-group has-global-padding is-layout-constrained wp-block-group-is-layout-constrained\">\n<div style=\"height:57px\" aria-hidden=\"true\" class=\"wp-block-spacer\"><\/div>\n\n\n\n<h1 class=\"wp-block-heading has-text-align-center has-medium-font-size\" style=\"letter-spacing:1px\">CALIDAD, TRAZABILIDAD Y COMPROMISO EN CADA COSECHA<\/h1>\n\n\n\n<h4 class=\"wp-block-heading has-text-align-center has-small-font-size\" style=\"font-style:normal;font-weight:300\">Creemos en una agricultura que respeta la tierra, valora a las personas y contribuye a un futuro m\u00e1s sostenible. <br>Contamos con las certificaciones GlobalG.A.P., GRASP y HACCP y pronto contaremos con la certificaci\u00f3n org\u00e1nica, <br>para los mercados de Estados Unidos y C\u00e1nada.<\/h4>\n\n\n\n<div class=\"wp-block-buttons is-horizontal is-content-justification-center is-layout-flex wp-container-core-buttons-is-layout-03627597 wp-block-buttons-is-layout-flex\">\n<div class=\"wp-block-button is-style-outline is-style-outline--2\"><a class=\"wp-block-button__link has-small-font-size has-custom-font-size wp-element-button\" href=\"https:\/\/peruvianexotics.com.pe\/?page_id=104\" style=\"border-radius:0px\">Qui\u00e9n somos<\/a><\/div>\n<\/div>\n<\/div>\n\n\n\n<div id=\"services\" class=\"wp-block-group alignfull pattern_multiple_covers has-background has-global-padding is-layout-constrained wp-block-group-is-layout-constrained\">\n<div style=\"height:25px\" aria-hidden=\"true\" class=\"wp-block-spacer\"><\/div>\n\n\n\n<figure class=\"wp-block-gallery has-nested-images columns-5 is-cropped wp-block-gallery-3 is-layout-flex wp-block-gallery-is-layout-flex\">\n<figure class=\"wp-block-image size-full is-style-default\"><img loading=\"lazy\" decoding=\"async\" width=\"480\" height=\"640\" data-id=\"58\" src=\"https:\/\/peruvianexotics.com.pe\/wp-content\/uploads\/2026\/01\/2021-09-17-14.49.54-1.jpg\" alt=\"\" class=\"wp-image-58\" srcset=\"https:\/\/peruvianexotics.com.pe\/wp-content\/uploads\/2026\/01\/2021-09-17-14.49.54-1.jpg 480w, https:\/\/peruvianexotics.com.pe\/wp-content\/uploads\/2026\/01\/2021-09-17-14.49.54-1-225x300.jpg 225w\" sizes=\"auto, (max-width: 480px) 100vw, 480px\" \/><\/figure>\n\n\n\n<figure class=\"wp-block-image size-full\"><img loading=\"lazy\" decoding=\"async\" width=\"2016\" height=\"1512\" data-id=\"56\" src=\"https:\/\/peruvianexotics.com.pe\/wp-content\/uploads\/2026\/01\/2023-12-21-10.58.42.jpg\" alt=\"\" class=\"wp-image-56\" srcset=\"https:\/\/peruvianexotics.com.pe\/wp-content\/uploads\/2026\/01\/2023-12-21-10.58.42.jpg 2016w, https:\/\/peruvianexotics.com.pe\/wp-content\/uploads\/2026\/01\/2023-12-21-10.58.42-300x225.jpg 300w, https:\/\/peruvianexotics.com.pe\/wp-content\/uploads\/2026\/01\/2023-12-21-10.58.42-1024x768.jpg 1024w, https:\/\/peruvianexotics.com.pe\/wp-content\/uploads\/2026\/01\/2023-12-21-10.58.42-2000x1500.jpg 2000w\" sizes=\"auto, (max-width: 2016px) 100vw, 2016px\" \/><\/figure>\n\n\n\n<figure class=\"wp-block-image size-full\"><img loading=\"lazy\" decoding=\"async\" width=\"2000\" height=\"1500\" data-id=\"48\" src=\"https:\/\/peruvianexotics.com.pe\/wp-content\/uploads\/2026\/01\/cropped-2023-12-19-18.45.18-scaled-2.jpg\" alt=\"\" class=\"wp-image-48\" srcset=\"https:\/\/peruvianexotics.com.pe\/wp-content\/uploads\/2026\/01\/cropped-2023-12-19-18.45.18-scaled-2.jpg 2000w, https:\/\/peruvianexotics.com.pe\/wp-content\/uploads\/2026\/01\/cropped-2023-12-19-18.45.18-scaled-2-300x225.jpg 300w, https:\/\/peruvianexotics.com.pe\/wp-content\/uploads\/2026\/01\/cropped-2023-12-19-18.45.18-scaled-2-1024x768.jpg 1024w\" sizes=\"auto, (max-width: 2000px) 100vw, 2000px\" \/><\/figure>\n\n\n\n<figure class=\"wp-block-image size-full\"><img loading=\"lazy\" decoding=\"async\" width=\"2560\" height=\"1920\" data-id=\"63\" src=\"https:\/\/peruvianexotics.com.pe\/wp-content\/uploads\/2026\/01\/2019-10-17-08.16.23-1-scaled.jpg\" alt=\"\" class=\"wp-image-63\" srcset=\"https:\/\/peruvianexotics.com.pe\/wp-content\/uploads\/2026\/01\/2019-10-17-08.16.23-1-scaled.jpg 2560w, https:\/\/peruvianexotics.com.pe\/wp-content\/uploads\/2026\/01\/2019-10-17-08.16.23-1-300x225.jpg 300w, https:\/\/peruvianexotics.com.pe\/wp-content\/uploads\/2026\/01\/2019-10-17-08.16.23-1-1024x768.jpg 1024w, https:\/\/peruvianexotics.com.pe\/wp-content\/uploads\/2026\/01\/2019-10-17-08.16.23-1-2000x1500.jpg 2000w\" sizes=\"auto, (max-width: 2560px) 100vw, 2560px\" \/><\/figure>\n\n\n\n<figure class=\"wp-block-image size-full\"><img loading=\"lazy\" decoding=\"async\" width=\"1600\" height=\"1200\" data-id=\"164\" src=\"https:\/\/peruvianexotics.com.pe\/wp-content\/uploads\/2026\/01\/2026-01-08-14.31.26.jpg\" alt=\"\" class=\"wp-image-164\" srcset=\"https:\/\/peruvianexotics.com.pe\/wp-content\/uploads\/2026\/01\/2026-01-08-14.31.26.jpg 1600w, https:\/\/peruvianexotics.com.pe\/wp-content\/uploads\/2026\/01\/2026-01-08-14.31.26-300x225.jpg 300w, https:\/\/peruvianexotics.com.pe\/wp-content\/uploads\/2026\/01\/2026-01-08-14.31.26-1024x768.jpg 1024w\" sizes=\"auto, (max-width: 1600px) 100vw, 1600px\" \/><\/figure>\n<\/figure>\n\n\n\n<p class=\"has-text-align-left has-secondary-color has-text-color\" style=\"letter-spacing:1px\"><\/p>\n\n\n\n<h2 class=\"wp-block-heading has-text-align-center\">NUESTROS VALORES<\/h2>\n\n\n\n<p class=\"has-text-align-center\" style=\"font-size:clamp(14px, 0.875rem + ((1vw - 3.2px) * 0.177), 16px);\">En Peruvian Exotics, cultivamos con conciencia. Nos gu\u00eda la convicci\u00f3n de que la agricultura del futuro debe ser regenerativa, humana y sostenible.<br>Trabajamos bajo protocolos alineados con la norma Global G.A.P. Y GRASP garantizando buenas pr\u00e1cticas agr\u00edcolas, bienestar laboral y respeto por el entorno. Capacitamos constantemente a nuestro personal e involucramos a todos en los procesos de certificaci\u00f3n, creando conciencia sobre el impacto positivo que podemos generar juntos. Adem\u00e1s, impulsamos pol\u00edticas de bienestar laboral que incluyen horarios flexibles, apoyo en movilidad y programas de financiamiento para veh\u00edculos personales para trabajadores con m\u00e1s de 5 a\u00f1os en la empresa. <br><br>Porque el crecimiento sostenible comienza en casa, con las personas que hacen posible cada cosecha.<\/p>\n\n\n\n<div style=\"height:46px\" aria-hidden=\"true\" class=\"wp-block-spacer\"><\/div>\n\n\n\n<div class=\"wp-block-columns is-layout-flex wp-container-core-columns-is-layout-28f84493 wp-block-columns-is-layout-flex\">\n<div class=\"wp-block-column is-layout-flow wp-block-column-is-layout-flow\" style=\"padding-top:0;padding-right:0;padding-bottom:0;padding-left:0\">\n<div class=\"wp-block-cover has-custom-content-position is-position-bottom-left\" style=\"padding-top:var(--wp--preset--spacing--small);padding-right:var(--wp--preset--spacing--x-small);padding-bottom:var(--wp--preset--spacing--small);padding-left:var(--wp--preset--spacing--x-small)\"><img loading=\"lazy\" decoding=\"async\" width=\"1024\" height=\"768\" class=\"wp-block-cover__image-background wp-image-56 size-large\" alt=\"\" src=\"https:\/\/peruvianexotics.com.pe\/wp-content\/uploads\/2026\/01\/2023-12-21-10.58.42-1024x768.jpg\" data-object-fit=\"cover\" srcset=\"https:\/\/peruvianexotics.com.pe\/wp-content\/uploads\/2026\/01\/2023-12-21-10.58.42-1024x768.jpg 1024w, https:\/\/peruvianexotics.com.pe\/wp-content\/uploads\/2026\/01\/2023-12-21-10.58.42-300x225.jpg 300w, https:\/\/peruvianexotics.com.pe\/wp-content\/uploads\/2026\/01\/2023-12-21-10.58.42-2000x1500.jpg 2000w, https:\/\/peruvianexotics.com.pe\/wp-content\/uploads\/2026\/01\/2023-12-21-10.58.42.jpg 2016w\" sizes=\"auto, (max-width: 1024px) 100vw, 1024px\" \/><span aria-hidden=\"true\" class=\"wp-block-cover__background has-primary-background-color has-background-dim-30 has-background-dim\"><\/span><div class=\"wp-block-cover__inner-container is-layout-flow wp-block-cover-is-layout-flow\">\n<h3 class=\"wp-block-heading has-white-color has-text-color has-medium-font-size\" style=\"margin-top:0;margin-right:0;margin-bottom:0;margin-left:0\">Sostenibilidad<\/h3>\n\n\n\n<p>Cultivamos respetando la tierra y promoviendo la regeneraci\u00f3n del suelo.<\/p>\n<\/div><\/div>\n<\/div>\n\n\n\n<div class=\"wp-block-column is-layout-flow wp-block-column-is-layout-flow\" style=\"padding-top:0;padding-right:0;padding-bottom:0;padding-left:0\">\n<div class=\"wp-block-cover has-custom-content-position is-position-bottom-left\" style=\"padding-top:var(--wp--preset--spacing--small);padding-right:var(--wp--preset--spacing--x-small);padding-bottom:var(--wp--preset--spacing--small);padding-left:var(--wp--preset--spacing--x-small)\"><img loading=\"lazy\" decoding=\"async\" width=\"720\" height=\"960\" class=\"wp-block-cover__image-background wp-image-57 size-full\" alt=\"\" src=\"https:\/\/peruvianexotics.com.pe\/wp-content\/uploads\/2026\/01\/2022-12-31-01.00.38.jpg\" data-object-fit=\"cover\" srcset=\"https:\/\/peruvianexotics.com.pe\/wp-content\/uploads\/2026\/01\/2022-12-31-01.00.38.jpg 720w, https:\/\/peruvianexotics.com.pe\/wp-content\/uploads\/2026\/01\/2022-12-31-01.00.38-225x300.jpg 225w\" sizes=\"auto, (max-width: 720px) 100vw, 720px\" \/><span aria-hidden=\"true\" class=\"wp-block-cover__background has-primary-background-color has-background-dim-30 has-background-dim\"><\/span><div class=\"wp-block-cover__inner-container is-layout-flow wp-block-cover-is-layout-flow\">\n<h3 class=\"wp-block-heading has-white-color has-text-color has-medium-font-size\" style=\"margin-top:0;margin-right:0;margin-bottom:0;margin-left:0\">Responsabilidad<\/h3>\n\n\n\n<p>Cumplimos est\u00e1ndares internacionales que garantizan calidad y transparencia<\/p>\n<\/div><\/div>\n<\/div>\n\n\n\n<div class=\"wp-block-column is-layout-flow wp-block-column-is-layout-flow\" style=\"padding-top:0;padding-right:0;padding-bottom:0;padding-left:0\">\n<div class=\"wp-block-cover has-custom-content-position is-position-bottom-left\" style=\"padding-top:var(--wp--preset--spacing--small);padding-right:var(--wp--preset--spacing--x-small);padding-bottom:var(--wp--preset--spacing--small);padding-left:var(--wp--preset--spacing--x-small)\"><img loading=\"lazy\" decoding=\"async\" width=\"480\" height=\"640\" class=\"wp-block-cover__image-background wp-image-58 size-full\" alt=\"\" src=\"https:\/\/peruvianexotics.com.pe\/wp-content\/uploads\/2026\/01\/2021-09-17-14.49.54-1.jpg\" data-object-fit=\"cover\" srcset=\"https:\/\/peruvianexotics.com.pe\/wp-content\/uploads\/2026\/01\/2021-09-17-14.49.54-1.jpg 480w, https:\/\/peruvianexotics.com.pe\/wp-content\/uploads\/2026\/01\/2021-09-17-14.49.54-1-225x300.jpg 225w\" sizes=\"auto, (max-width: 480px) 100vw, 480px\" \/><span aria-hidden=\"true\" class=\"wp-block-cover__background has-primary-background-color has-background-dim-30 has-background-dim\"><\/span><div class=\"wp-block-cover__inner-container is-layout-flow wp-block-cover-is-layout-flow\">\n<h3 class=\"wp-block-heading has-white-color has-text-color has-medium-font-size\" style=\"margin-top:0;margin-right:0;margin-bottom:0;margin-left:0\">Innovaci\u00f3n<\/h3>\n\n\n\n<p><br>Apostamos por la mejora continua y el desarrollo de semillas propias.<\/p>\n<\/div><\/div>\n<\/div>\n<\/div>\n<\/div>\n\n\n\n<div class=\"wp-block-group alignfull has-global-padding is-layout-constrained wp-block-group-is-layout-constrained\">\n<div class=\"wp-block-group has-lightgrey-background-color has-background has-global-padding is-content-justification-center is-layout-constrained wp-block-group-is-layout-constrained\" style=\"padding-top:var(--wp--preset--spacing--small);padding-bottom:var(--wp--preset--spacing--small)\">\n<div class=\"wp-block-columns is-layout-flex wp-container-core-columns-is-layout-c375d253 wp-block-columns-is-layout-flex\">\n<div class=\"wp-block-column is-vertically-aligned-center is-layout-flow wp-block-column-is-layout-flow\">\n<h2 class=\"wp-block-heading has-medium-font-size\" style=\"text-transform:uppercase\">QUI\u00c9NES SOMOS<\/h2>\n\n\n\n<p>Somos una empresa agro exportadora peruana dedicada a producir cebollas dulces y calabazas de la m\u00e1s alta calidad.Desde 2012, iniciamos con un proyecto piloto en Ica, y hoy, gracias al desarrollo de nuestras propias semillas y la mejora continua, abastecemos a mercados exigentes en Estados Unidos, Europa y Canad\u00e1<\/p>\n\n\n\n<div class=\"wp-block-buttons is-horizontal is-content-justification-left is-layout-flex wp-container-core-buttons-is-layout-20be11b6 wp-block-buttons-is-layout-flex\">\n<div class=\"wp-block-button is-style-outline is-style-outline--4\"><a class=\"wp-block-button__link wp-element-button\" href=\"https:\/\/peruvianexotics.com.pe\/?page_id=104\" style=\"border-radius:0px\">SOBRE NOSOTROS<\/a><\/div>\n<\/div>\n\n\n\n<p><\/p>\n<\/div>\n\n\n\n<div class=\"wp-block-column is-layout-flow wp-block-column-is-layout-flow\">\n<figure class=\"wp-block-image size-full is-resized\"><img loading=\"lazy\" decoding=\"async\" width=\"2040\" height=\"2040\" src=\"https:\/\/peruvianexotics.com.pe\/wp-content\/uploads\/2026\/01\/Captura-de-pantalla-2026-01-09-a-las-12.02-edited.png\" alt=\"\" class=\"wp-image-170\" style=\"width:483px;height:auto\" srcset=\"https:\/\/peruvianexotics.com.pe\/wp-content\/uploads\/2026\/01\/Captura-de-pantalla-2026-01-09-a-las-12.02-edited.png 2040w, https:\/\/peruvianexotics.com.pe\/wp-content\/uploads\/2026\/01\/Captura-de-pantalla-2026-01-09-a-las-12.02-edited-300x300.png 300w, https:\/\/peruvianexotics.com.pe\/wp-content\/uploads\/2026\/01\/Captura-de-pantalla-2026-01-09-a-las-12.02-edited-1024x1024.png 1024w, https:\/\/peruvianexotics.com.pe\/wp-content\/uploads\/2026\/01\/Captura-de-pantalla-2026-01-09-a-las-12.02-edited-150x150.png 150w, https:\/\/peruvianexotics.com.pe\/wp-content\/uploads\/2026\/01\/Captura-de-pantalla-2026-01-09-a-las-12.02-edited-2000x2000.png 2000w\" sizes=\"auto, (max-width: 2040px) 100vw, 2040px\" \/><\/figure>\n<\/div>\n<\/div>\n<\/div>\n<\/div>\n\n\n\n<div class=\"wp-block-group alignfull has-background has-global-padding is-layout-constrained wp-block-group-is-layout-constrained\">\n<div class=\"wp-block-group has-global-padding is-layout-constrained wp-block-group-is-layout-constrained\" style=\"padding-top:var(--wp--preset--spacing--small);padding-bottom:var(--wp--preset--spacing--small)\">\n<div class=\"wp-block-columns are-vertically-aligned-center is-layout-flex wp-container-core-columns-is-layout-c375d253 wp-block-columns-is-layout-flex\">\n<div class=\"wp-block-column is-vertically-aligned-center is-layout-flow wp-block-column-is-layout-flow\">\n<figure class=\"wp-block-image size-full\"><img loading=\"lazy\" decoding=\"async\" width=\"751\" height=\"529\" src=\"https:\/\/peruvianexotics.com.pe\/wp-content\/uploads\/2026\/01\/Asset-2.jpg\" alt=\"\" class=\"wp-image-70\" srcset=\"https:\/\/peruvianexotics.com.pe\/wp-content\/uploads\/2026\/01\/Asset-2.jpg 751w, https:\/\/peruvianexotics.com.pe\/wp-content\/uploads\/2026\/01\/Asset-2-300x211.jpg 300w\" sizes=\"auto, (max-width: 751px) 100vw, 751px\" \/><\/figure>\n<\/div>\n\n\n\n<div class=\"wp-block-column is-vertically-aligned-center is-layout-flow wp-block-column-is-layout-flow\">\n<h2 class=\"wp-block-heading has-medium-font-size\" style=\"text-transform:uppercase\">Producci\u00f3n y Calidad<\/h2>\n\n\n\n<p>Desde la semilla hasta la entrega, garantizamos un control total del proceso.<br>Nuestras instalaciones cumplen con los est\u00e1ndares internacionales de calidad, higiene y trazabilidad.<\/p>\n\n\n\n<p><\/p>\n\n\n\n<figure class=\"wp-block-image size-large\"><img loading=\"lazy\" decoding=\"async\" width=\"1024\" height=\"55\" src=\"https:\/\/peruvianexotics.com.pe\/wp-content\/uploads\/2026\/01\/image-2-1024x55.png\" alt=\"\" class=\"wp-image-69\" srcset=\"https:\/\/peruvianexotics.com.pe\/wp-content\/uploads\/2026\/01\/image-2-1024x55.png 1024w, https:\/\/peruvianexotics.com.pe\/wp-content\/uploads\/2026\/01\/image-2-300x16.png 300w, https:\/\/peruvianexotics.com.pe\/wp-content\/uploads\/2026\/01\/image-2-2000x107.png 2000w\" sizes=\"auto, (max-width: 1024px) 100vw, 1024px\" \/><\/figure>\n\n\n\n<div class=\"wp-block-buttons is-layout-flex wp-block-buttons-is-layout-flex\">\n<div class=\"wp-block-button is-style-outline is-style-outline--5\"><a class=\"wp-block-button__link wp-element-button\" href=\"https:\/\/peruvianexotics.com.pe\/?page_id=19\" style=\"border-radius:0px\">Cont\u00e1ctenos<\/a><\/div>\n<\/div>\n<\/div>\n<\/div>\n<\/div>\n<\/div>\n\n\n\n\n\n\n\n<div class=\"wp-block-cover alignfull has-parallax is-position-center-center\" style=\"border-radius:0px;min-height:570px;aspect-ratio:unset;\"><div class=\"wp-block-cover__image-background wp-image-63 size-large has-parallax\" style=\"background-position:50% 50%;background-image:url(https:\/\/peruvianexotics.com.pe\/wp-content\/uploads\/2026\/01\/2019-10-17-08.16.23-1-1024x768.jpg)\"><\/div><span aria-hidden=\"true\" class=\"wp-block-cover__background has-black-background-color has-background-dim-40 has-background-dim\"><\/span><div class=\"wp-block-cover__inner-container has-global-padding is-layout-constrained wp-block-cover-is-layout-constrained\">\n<div class=\"wp-block-group has-global-padding is-content-justification-center is-layout-constrained wp-block-group-is-layout-constrained\">\n<h2 class=\"wp-block-heading has-text-align-center has-text-color has-medium-font-size\" style=\"color:#fffffa;text-transform:uppercase\">Nuestras certificaciones reflejan nuestro compromiso con la calidad<\/h2>\n\n\n\n<p class=\"has-text-align-center has-white-color has-text-color has-small-font-size\" style=\"margin-top:var(--wp--preset--spacing--x-small);margin-right:var(--wp--preset--spacing--large);margin-bottom:var(--wp--preset--spacing--x-small);margin-left:var(--wp--preset--spacing--large)\">Contamos con las certificaciones\u00a0GlobalG.A.P., GRASP y HACCP, garantizando pr\u00e1cticas agr\u00edcolas responsables,\u00a0bienestar laboral<br>y procesos inocuos desde el campo hasta el despacho. <br>Adem\u00e1s,\u00a0pronto obtendremos la\u00a0certificaci\u00f3n org\u00e1nica\u00a0para los mercados de\u00a0Estados Unidos y Canad\u00e1.\u00a0<br>Estas acreditaciones garantizan a nuestros clientes internacionales que cada producto cumple con los<br>m\u00e1s altos\u00a0est\u00e1ndares de inocuidad y respeto por el medio ambiente.<\/p>\n\n\n\n<div style=\"height:10px\" aria-hidden=\"true\" class=\"wp-block-spacer\"><\/div>\n\n\n\n<div class=\"wp-block-buttons is-horizontal is-content-justification-center is-layout-flex wp-container-core-buttons-is-layout-03627597 wp-block-buttons-is-layout-flex\">\n<div class=\"wp-block-button is-style-outline is-style-outline--6\"><a class=\"wp-block-button__link has-white-color has-text-color wp-element-button\" href=\"https:\/\/peruvianexotics.com.pe\/?page_id=19\" style=\"border-radius:0px\">CONTACTO<\/a><\/div>\n<\/div>\n<\/div>\n<\/div><\/div>\n\n\n\n<p><\/p>\n","protected":false},"excerpt":{"rendered":"<p>CALIDAD, TRAZABILIDAD Y COMPROMISO EN CADA COSECHA Creemos en una agricultura que respeta la tierra, valora a las personas y contribuye a un futuro m\u00e1s sostenible. Contamos con las certificaciones GlobalG.A.P., GRASP y HACCP y pronto contaremos con la certificaci\u00f3n org\u00e1nica, para los mercados de Estados Unidos y C\u00e1nada. NUESTROS VALORES En Peruvian Exotics, cultivamos &hellip; <\/p>\n<p class=\"link-more\"><a href=\"https:\/\/peruvianexotics.com.pe\/\" class=\"more-link\">Leer m\u00e1s<span class=\"screen-reader-text\"> \u00abHome\u00bb<\/span><\/a><\/p>\n","protected":false},"author":1,"featured_media":0,"parent":0,"menu_order":0,"comment_status":"closed","ping_status":"closed","template":"page-templates\/full-width-transparent.php","meta":{"_inspiro_hide_title":false,"footnotes":""},"class_list":["post-17","page","type-page","status-publish","hentry"],"_links":{"self":[{"href":"https:\/\/peruvianexotics.com.pe\/index.php?rest_route=\/wp\/v2\/pages\/17","targetHints":{"allow":["GET"]}}],"collection":[{"href":"https:\/\/peruvianexotics.com.pe\/index.php?rest_route=\/wp\/v2\/pages"}],"about":[{"href":"https:\/\/peruvianexotics.com.pe\/index.php?rest_route=\/wp\/v2\/types\/page"}],"author":[{"embeddable":true,"href":"https:\/\/peruvianexotics.com.pe\/index.php?rest_route=\/wp\/v2\/users\/1"}],"replies":[{"embeddable":true,"href":"https:\/\/peruvianexotics.com.pe\/index.php?rest_route=%2Fwp%2Fv2%2Fcomments&post=17"}],"version-history":[{"count":47,"href":"https:\/\/peruvianexotics.com.pe\/index.php?rest_route=\/wp\/v2\/pages\/17\/revisions"}],"predecessor-version":[{"id":249,"href":"https:\/\/peruvianexotics.com.pe\/index.php?rest_route=\/wp\/v2\/pages\/17\/revisions\/249"}],"wp:attachment":[{"href":"https:\/\/peruvianexotics.com.pe\/index.php?rest_route=%2Fwp%2Fv2%2Fmedia&parent=17"}],"curies":[{"name":"wp","href":"https:\/\/api.w.org\/{rel}","templated":true}]}}