{"id":142,"date":"2026-01-19T12:32:59","date_gmt":"2026-01-19T12:32:59","guid":{"rendered":"https:\/\/peruvianexotics.com.pe\/?page_id=142"},"modified":"2026-03-25T09:19:21","modified_gmt":"2026-03-25T09:19:21","slug":"deshidratados","status":"publish","type":"page","link":"https:\/\/peruvianexotics.com.pe\/?page_id=142","title":{"rendered":"Deshidratados"},"content":{"rendered":"\n<main class=\"wp-block-group alignfull site-content is-layout-flow wp-block-group-is-layout-flow\" id=\"header\" style=\"margin-top:0\">\n<div class=\"wp-block-cover alignfull\" style=\"padding-top:0px\"><img loading=\"lazy\" decoding=\"async\" width=\"2560\" height=\"1429\" class=\"wp-block-cover__image-background wp-image-231 size-full\" alt=\"\" src=\"https:\/\/peruvianexotics.com.pe\/wp-content\/uploads\/2026\/03\/Generated-Image-March-09-2026-1_21PM-1-scaled.png\" data-object-fit=\"cover\" srcset=\"https:\/\/peruvianexotics.com.pe\/wp-content\/uploads\/2026\/03\/Generated-Image-March-09-2026-1_21PM-1-scaled.png 2560w, https:\/\/peruvianexotics.com.pe\/wp-content\/uploads\/2026\/03\/Generated-Image-March-09-2026-1_21PM-1-300x167.png 300w, https:\/\/peruvianexotics.com.pe\/wp-content\/uploads\/2026\/03\/Generated-Image-March-09-2026-1_21PM-1-1024x572.png 1024w, https:\/\/peruvianexotics.com.pe\/wp-content\/uploads\/2026\/03\/Generated-Image-March-09-2026-1_21PM-1-2000x1116.png 2000w\" sizes=\"auto, (max-width: 2560px) 100vw, 2560px\" \/><span aria-hidden=\"true\" class=\"wp-block-cover__background has-black-background-color has-background-dim-40 has-background-dim\"><\/span><div class=\"wp-block-cover__inner-container is-layout-flow wp-block-cover-is-layout-flow\">\n<div class=\"wp-block-group is-style-default has-global-padding is-layout-constrained wp-block-group-is-layout-constrained\">\n<div style=\"height:251px\" aria-hidden=\"true\" class=\"wp-block-spacer\"><\/div>\n\n\n\n<h2 class=\"wp-block-heading has-white-color has-text-color has-max-48-font-size\">Deshidratados<\/h2>\n\n\n\n<div style=\"height:63px\" aria-hidden=\"true\" class=\"wp-block-spacer\"><\/div>\n<\/div>\n<\/div><\/div>\n<\/main>\n\n\n\n<div id=\"services\" class=\"wp-block-group pattern_multiple_covers has-global-padding is-layout-constrained wp-block-group-is-layout-constrained\">\n<div style=\"height:22px\" aria-hidden=\"true\" class=\"wp-block-spacer\"><\/div>\n\n\n\n<p class=\"has-text-align-left has-secondary-color has-text-color\" style=\"letter-spacing:1px\">PUMPKING!<\/p>\n\n\n\n<h2 class=\"wp-block-heading has-text-align-left has-large-font-size\">Transforma las comidas rutinarias<br>en vibrantes celebraciones del sabor y la nutrici\u00f3n.<\/h2>\n\n\n\n<p class=\"has-text-align-left\">Elaborado con pulpa de calabaza 100 %. Ni m\u00e1s ni menos. Sin gluten. Dulce de forma natural. Cultivado con respeto, para tu mesa.<\/p>\n<\/div>\n\n\n\n<p class=\"has-x-small-font-size\"><strong>Pumpking Superfood<\/strong> integra verticalmente la operaci\u00f3n de<strong> Peruvian Exotics<\/strong>, productor agr\u00edcola especializado en calabazas de alto rendimiento nutricional. Cultivamos nuestra propia materia prima bajo certificaciones GlobalG.A.P. y GRASP, garantizando trazabilidad total desde la siembra hasta el producto final.<br>Optimizamos la cosecha transformando frutos que no cumplen el est\u00e1ndar est\u00e9tico del mercado fresco en ingredientes funcionales de alto valor. Mediante procesos controlados de deshidrataci\u00f3n y molienda fina, rescatamos el m\u00e1ximo potencial del cultivo.<br>Nuestras harinas, polvos, hojuelas y toppings son 100% calabaza real. Sin aditivos, sin gluten y sin az\u00facares a\u00f1adidos; conservan el color naranja intenso y el dulzor natural caracter\u00edstico de nuestra gen\u00e9tica.<br><strong>Producimos, transformamos y garantizamos cada etapa del proceso. Ese es nuestro diferencial.<\/strong><\/p>\n\n\n\n<div id=\"services\" class=\"wp-block-group pattern_multiple_covers has-global-padding is-layout-constrained wp-block-group-is-layout-constrained\">\n<div style=\"height:7px\" aria-hidden=\"true\" class=\"wp-block-spacer\"><\/div>\n\n\n\n<blockquote class=\"wp-block-quote is-layout-flow wp-block-quote-is-layout-flow\">\n<p class=\"has-large-font-size\"><em>La ventaja de la calabaza: nutrici\u00f3n moderna y natural.<\/em><\/p>\n<\/blockquote>\n\n\n\n<div class=\"wp-block-columns is-layout-flex wp-container-core-columns-is-layout-28f84493 wp-block-columns-is-layout-flex\">\n<div class=\"wp-block-column is-layout-flow wp-block-column-is-layout-flow\" style=\"padding-top:0;padding-right:0;padding-bottom:0;padding-left:0\">\n<div class=\"wp-block-cover is-light has-custom-content-position is-position-bottom-left\" style=\"padding-top:var(--wp--preset--spacing--small);padding-right:var(--wp--preset--spacing--x-small);padding-bottom:var(--wp--preset--spacing--small);padding-left:var(--wp--preset--spacing--x-small)\"><img loading=\"lazy\" decoding=\"async\" width=\"2560\" height=\"1911\" class=\"wp-block-cover__image-background wp-image-224 size-full\" alt=\"\" src=\"https:\/\/peruvianexotics.com.pe\/wp-content\/uploads\/2026\/03\/Generated-Image-March-17-2026-12_32PM-scaled.jpg\" data-object-fit=\"cover\" srcset=\"https:\/\/peruvianexotics.com.pe\/wp-content\/uploads\/2026\/03\/Generated-Image-March-17-2026-12_32PM-scaled.jpg 2560w, https:\/\/peruvianexotics.com.pe\/wp-content\/uploads\/2026\/03\/Generated-Image-March-17-2026-12_32PM-300x224.jpg 300w, https:\/\/peruvianexotics.com.pe\/wp-content\/uploads\/2026\/03\/Generated-Image-March-17-2026-12_32PM-1024x765.jpg 1024w, https:\/\/peruvianexotics.com.pe\/wp-content\/uploads\/2026\/03\/Generated-Image-March-17-2026-12_32PM-2000x1493.jpg 2000w\" sizes=\"auto, (max-width: 2560px) 100vw, 2560px\" \/><span aria-hidden=\"true\" class=\"wp-block-cover__background has-primary-background-color has-background-dim-0 has-background-dim\"><\/span><div class=\"wp-block-cover__inner-container is-layout-flow wp-block-cover-is-layout-flow\">\n<h3 class=\"wp-block-heading has-white-color has-text-color has-medium-font-size\" style=\"margin-top:0;margin-right:0;margin-bottom:0;margin-left:0\">TOPPINGS<\/h3>\n<\/div><\/div>\n<\/div>\n\n\n\n<div class=\"wp-block-column is-layout-flow wp-block-column-is-layout-flow\" style=\"padding-top:0;padding-right:0;padding-bottom:0;padding-left:0\">\n<div class=\"wp-block-cover is-light has-custom-content-position is-position-bottom-left\" style=\"padding-top:var(--wp--preset--spacing--small);padding-right:var(--wp--preset--spacing--x-small);padding-bottom:var(--wp--preset--spacing--small);padding-left:var(--wp--preset--spacing--x-small)\"><img loading=\"lazy\" decoding=\"async\" width=\"2560\" height=\"1911\" class=\"wp-block-cover__image-background wp-image-226 size-full\" alt=\"\" src=\"https:\/\/peruvianexotics.com.pe\/wp-content\/uploads\/2026\/03\/Generated-Image-March-17-2026-12_36PM-scaled.jpg\" data-object-fit=\"cover\" srcset=\"https:\/\/peruvianexotics.com.pe\/wp-content\/uploads\/2026\/03\/Generated-Image-March-17-2026-12_36PM-scaled.jpg 2560w, https:\/\/peruvianexotics.com.pe\/wp-content\/uploads\/2026\/03\/Generated-Image-March-17-2026-12_36PM-300x224.jpg 300w, https:\/\/peruvianexotics.com.pe\/wp-content\/uploads\/2026\/03\/Generated-Image-March-17-2026-12_36PM-1024x765.jpg 1024w, https:\/\/peruvianexotics.com.pe\/wp-content\/uploads\/2026\/03\/Generated-Image-March-17-2026-12_36PM-2000x1493.jpg 2000w\" sizes=\"auto, (max-width: 2560px) 100vw, 2560px\" \/><span aria-hidden=\"true\" class=\"wp-block-cover__background has-primary-background-color has-background-dim-0 has-background-dim\"><\/span><div class=\"wp-block-cover__inner-container is-layout-flow wp-block-cover-is-layout-flow\">\n<h3 class=\"wp-block-heading has-white-color has-text-color has-medium-font-size\" style=\"margin-top:0;margin-right:0;margin-bottom:0;margin-left:0\">HARINA<\/h3>\n<\/div><\/div>\n<\/div>\n\n\n\n<div class=\"wp-block-column is-layout-flow wp-block-column-is-layout-flow\" style=\"padding-top:0;padding-right:0;padding-bottom:0;padding-left:0\">\n<div class=\"wp-block-cover is-light has-custom-content-position is-position-bottom-left\" style=\"padding-top:var(--wp--preset--spacing--small);padding-right:var(--wp--preset--spacing--x-small);padding-bottom:var(--wp--preset--spacing--small);padding-left:var(--wp--preset--spacing--x-small)\"><img loading=\"lazy\" decoding=\"async\" width=\"2560\" height=\"1911\" class=\"wp-block-cover__image-background wp-image-225 size-full\" alt=\"\" src=\"https:\/\/peruvianexotics.com.pe\/wp-content\/uploads\/2026\/03\/Generated-Image-March-17-2026-12_34PM-scaled.jpg\" data-object-fit=\"cover\" srcset=\"https:\/\/peruvianexotics.com.pe\/wp-content\/uploads\/2026\/03\/Generated-Image-March-17-2026-12_34PM-scaled.jpg 2560w, https:\/\/peruvianexotics.com.pe\/wp-content\/uploads\/2026\/03\/Generated-Image-March-17-2026-12_34PM-300x224.jpg 300w, https:\/\/peruvianexotics.com.pe\/wp-content\/uploads\/2026\/03\/Generated-Image-March-17-2026-12_34PM-1024x765.jpg 1024w, https:\/\/peruvianexotics.com.pe\/wp-content\/uploads\/2026\/03\/Generated-Image-March-17-2026-12_34PM-2000x1493.jpg 2000w\" sizes=\"auto, (max-width: 2560px) 100vw, 2560px\" \/><span aria-hidden=\"true\" class=\"wp-block-cover__background has-primary-background-color has-background-dim-0 has-background-dim\"><\/span><div class=\"wp-block-cover__inner-container is-layout-flow wp-block-cover-is-layout-flow\">\n<h3 class=\"wp-block-heading has-white-color has-text-color has-medium-font-size\" style=\"margin-top:0;margin-right:0;margin-bottom:0;margin-left:0\">FLAKES<\/h3>\n<\/div><\/div>\n<\/div>\n<\/div>\n\n\n\n<div style=\"height:103px\" aria-hidden=\"true\" class=\"wp-block-spacer\"><\/div>\n<\/div>\n\n\n\n<div class=\"wp-block-group alignfull has-global-padding is-layout-constrained wp-container-core-group-is-layout-93707e3a wp-block-group-is-layout-constrained\" id=\"cover\" style=\"margin-top:0px;margin-bottom:0px\">\n<div class=\"wp-block-cover alignfull has-parallax has-aspect-ratio\" style=\"min-height:765px;aspect-ratio:16\/9;min-height:unset;\"><div class=\"wp-block-cover__image-background wp-image-129 size-full has-parallax\" style=\"background-position:50% 50%;background-image:url(https:\/\/peruvianexotics.com.pe\/wp-content\/uploads\/2026\/01\/2025-12-23-10.50.07-1.jpg)\"><\/div><span aria-hidden=\"true\" class=\"wp-block-cover__background has-black-background-color has-background-dim-40 has-background-dim\"><\/span><div class=\"wp-block-cover__inner-container is-layout-flow wp-block-cover-is-layout-flow\">\n<div class=\"wp-block-group has-global-padding is-layout-constrained wp-container-core-group-is-layout-4383d167 wp-block-group-is-layout-constrained\">\n<div style=\"height:88px\" aria-hidden=\"true\" class=\"wp-block-spacer\"><\/div>\n\n\n\n\n\n<p class=\"has-large-font-size\"><br><strong>SOSTENIBILIDAD<\/strong><\/p>\n\n\n\n<p>Transformamos la cosecha que el mercado est\u00e9tico descarta en<br>ingredientes de alto valor. No es solo un discurso: optimizamos el<br>rendimiento del cultivo para reducir el desperdicio agr\u00edcola y<br>minimizar nuestro impacto ambiental.<br>La sostenibilidad forma parte del modelo de negocio, no del<br>discurso.<\/p>\n\n\n\n\n\n<div style=\"height:63px\" aria-hidden=\"true\" class=\"wp-block-spacer\"><\/div>\n<\/div>\n<\/div><\/div>\n<\/div>\n\n\n\n\n\n<div style=\"height:0px\" aria-hidden=\"true\" class=\"wp-block-spacer\"><\/div>\n\n\n\n<p><\/p>\n","protected":false},"excerpt":{"rendered":"<p>PUMPKING! Transforma las comidas rutinariasen vibrantes celebraciones del sabor y la nutrici\u00f3n. Elaborado con pulpa de calabaza 100 %. Ni m\u00e1s ni menos. Sin gluten. Dulce de forma natural. Cultivado con respeto, para tu mesa. Pumpking Superfood integra verticalmente la operaci\u00f3n de Peruvian Exotics, productor agr\u00edcola especializado en calabazas de alto rendimiento nutricional. Cultivamos nuestra &hellip; <\/p>\n<p class=\"link-more\"><a href=\"https:\/\/peruvianexotics.com.pe\/?page_id=142\" class=\"more-link\">Leer m\u00e1s<span class=\"screen-reader-text\"> \u00abDeshidratados\u00bb<\/span><\/a><\/p>\n","protected":false},"author":1,"featured_media":0,"parent":0,"menu_order":0,"comment_status":"closed","ping_status":"closed","template":"page-templates\/full-width-transparent.php","meta":{"_inspiro_hide_title":false,"footnotes":""},"class_list":["post-142","page","type-page","status-publish","hentry"],"_links":{"self":[{"href":"https:\/\/peruvianexotics.com.pe\/index.php?rest_route=\/wp\/v2\/pages\/142","targetHints":{"allow":["GET"]}}],"collection":[{"href":"https:\/\/peruvianexotics.com.pe\/index.php?rest_route=\/wp\/v2\/pages"}],"about":[{"href":"https:\/\/peruvianexotics.com.pe\/index.php?rest_route=\/wp\/v2\/types\/page"}],"author":[{"embeddable":true,"href":"https:\/\/peruvianexotics.com.pe\/index.php?rest_route=\/wp\/v2\/users\/1"}],"replies":[{"embeddable":true,"href":"https:\/\/peruvianexotics.com.pe\/index.php?rest_route=%2Fwp%2Fv2%2Fcomments&post=142"}],"version-history":[{"count":11,"href":"https:\/\/peruvianexotics.com.pe\/index.php?rest_route=\/wp\/v2\/pages\/142\/revisions"}],"predecessor-version":[{"id":237,"href":"https:\/\/peruvianexotics.com.pe\/index.php?rest_route=\/wp\/v2\/pages\/142\/revisions\/237"}],"wp:attachment":[{"href":"https:\/\/peruvianexotics.com.pe\/index.php?rest_route=%2Fwp%2Fv2%2Fmedia&parent=142"}],"curies":[{"name":"wp","href":"https:\/\/api.w.org\/{rel}","templated":true}]}}