{"id":140,"date":"2026-01-16T13:34:22","date_gmt":"2026-01-16T13:34:22","guid":{"rendered":"https:\/\/peruvianexotics.com.pe\/?page_id=140"},"modified":"2026-03-25T11:44:28","modified_gmt":"2026-03-25T11:44:28","slug":"hortalizas","status":"publish","type":"page","link":"https:\/\/peruvianexotics.com.pe\/?page_id=140","title":{"rendered":"Hortalizas"},"content":{"rendered":"\n<div class=\"wp-block-group has-global-padding is-layout-constrained wp-block-group-is-layout-constrained\">\n<div class=\"wp-block-group is-layout-flow wp-block-group-is-layout-flow\">\n<div style=\"height:227px\" aria-hidden=\"true\" class=\"wp-block-spacer\"><\/div>\n\n\n\n<h3 class=\"wp-block-heading has-text-align-center has-large-font-size\">Cultivamos calidad, <br>exportamos confianza.<\/h3>\n<\/div>\n<\/div>\n\n\n\n<div style=\"height:47px\" aria-hidden=\"true\" class=\"wp-block-spacer\"><\/div>\n\n\n\n<div id=\"team\" class=\"wp-block-group has-global-padding is-layout-constrained wp-block-group-is-layout-constrained\">\n<div class=\"wp-block-group is-layout-flow wp-block-group-is-layout-flow\">\n\n\n<div style=\"height:0px\" aria-hidden=\"true\" class=\"wp-block-spacer\"><\/div>\n\n\n\n<div class=\"wp-block-columns is-layout-flex wp-container-core-columns-is-layout-28f84493 wp-block-columns-is-layout-flex\">\n<div class=\"wp-block-column is-style-default is-layout-flow wp-block-column-is-layout-flow\" style=\"border-style:none;border-width:0px;padding-top:0;padding-right:0;padding-bottom:0;padding-left:0\">\n<figure class=\"wp-block-image size-full is-style-default\"><img loading=\"lazy\" decoding=\"async\" width=\"1200\" height=\"1600\" src=\"https:\/\/peruvianexotics.com.pe\/wp-content\/uploads\/2026\/01\/2025-12-23-10.50.07-1.jpg\" alt=\"\" class=\"wp-image-129\" srcset=\"https:\/\/peruvianexotics.com.pe\/wp-content\/uploads\/2026\/01\/2025-12-23-10.50.07-1.jpg 1200w, https:\/\/peruvianexotics.com.pe\/wp-content\/uploads\/2026\/01\/2025-12-23-10.50.07-1-225x300.jpg 225w, https:\/\/peruvianexotics.com.pe\/wp-content\/uploads\/2026\/01\/2025-12-23-10.50.07-1-768x1024.jpg 768w\" sizes=\"auto, (max-width: 1200px) 100vw, 1200px\" \/><\/figure>\n\n\n\n<h3 class=\"wp-block-heading\">CALABAZA KABOCHA<\/h3>\n\n\n\n<p>De piel verde intensa y pulpa anaranjada, dulce y cremosa. Muy apreciada por su sabor y valor nutricional.<\/p>\n<\/div>\n\n\n\n<div class=\"wp-block-column is-style-default is-layout-flow wp-block-column-is-layout-flow\" style=\"border-style:none;border-width:0px;padding-top:0;padding-right:0;padding-bottom:0;padding-left:0\">\n<figure class=\"wp-block-image size-full\"><img loading=\"lazy\" decoding=\"async\" width=\"1200\" height=\"1600\" src=\"https:\/\/peruvianexotics.com.pe\/wp-content\/uploads\/2026\/01\/2025-12-23-12.48.41-3.jpg\" alt=\"\" class=\"wp-image-162\" srcset=\"https:\/\/peruvianexotics.com.pe\/wp-content\/uploads\/2026\/01\/2025-12-23-12.48.41-3.jpg 1200w, https:\/\/peruvianexotics.com.pe\/wp-content\/uploads\/2026\/01\/2025-12-23-12.48.41-3-225x300.jpg 225w, https:\/\/peruvianexotics.com.pe\/wp-content\/uploads\/2026\/01\/2025-12-23-12.48.41-3-768x1024.jpg 768w\" sizes=\"auto, (max-width: 1200px) 100vw, 1200px\" \/><\/figure>\n\n\n\n<h3 class=\"wp-block-heading\">CALABAZA VALENTINA<\/h3>\n\n\n\n<p>Variedad de textura firme y color brillante, perfecta para pur\u00e9s, toppings y exportaci\u00f3n gourmet.<\/p>\n<\/div>\n\n\n\n<div class=\"wp-block-column is-style-default is-layout-flow wp-block-column-is-layout-flow\" style=\"border-style:none;border-width:0px;padding-top:0;padding-right:0;padding-bottom:0;padding-left:0\">\n<figure class=\"wp-block-image size-full\"><img loading=\"lazy\" decoding=\"async\" width=\"1200\" height=\"1600\" src=\"https:\/\/peruvianexotics.com.pe\/wp-content\/uploads\/2026\/01\/2025-12-27-11.30.11.jpg\" alt=\"\" class=\"wp-image-163\" srcset=\"https:\/\/peruvianexotics.com.pe\/wp-content\/uploads\/2026\/01\/2025-12-27-11.30.11.jpg 1200w, https:\/\/peruvianexotics.com.pe\/wp-content\/uploads\/2026\/01\/2025-12-27-11.30.11-225x300.jpg 225w, https:\/\/peruvianexotics.com.pe\/wp-content\/uploads\/2026\/01\/2025-12-27-11.30.11-768x1024.jpg 768w\" sizes=\"auto, (max-width: 1200px) 100vw, 1200px\" \/><\/figure>\n\n\n\n<h3 class=\"wp-block-heading\">CALABAZA TROPICANA<\/h3>\n\n\n\n<p>Resistente y vers\u00e1til, con excelente rendimiento y sabor balanceado. Ideal para exportaci\u00f3n en fresco.<\/p>\n<\/div>\n<\/div>\n\n\n\n<div style=\"height:63px\" aria-hidden=\"true\" class=\"wp-block-spacer\"><\/div>\n\n\n\n<div class=\"wp-block-columns is-layout-flex wp-container-core-columns-is-layout-28f84493 wp-block-columns-is-layout-flex\">\n<div class=\"wp-block-column is-style-default is-layout-flow wp-block-column-is-layout-flow\" style=\"border-style:none;border-width:0px;padding-top:0;padding-right:0;padding-bottom:0;padding-left:0\">\n<figure class=\"wp-block-image size-full\"><img loading=\"lazy\" decoding=\"async\" width=\"900\" height=\"1200\" src=\"https:\/\/peruvianexotics.com.pe\/wp-content\/uploads\/2026\/01\/2026-01-08-14.31.26-edited.jpg\" alt=\"\" class=\"wp-image-169\" srcset=\"https:\/\/peruvianexotics.com.pe\/wp-content\/uploads\/2026\/01\/2026-01-08-14.31.26-edited.jpg 900w, https:\/\/peruvianexotics.com.pe\/wp-content\/uploads\/2026\/01\/2026-01-08-14.31.26-edited-225x300.jpg 225w, https:\/\/peruvianexotics.com.pe\/wp-content\/uploads\/2026\/01\/2026-01-08-14.31.26-edited-768x1024.jpg 768w\" sizes=\"auto, (max-width: 900px) 100vw, 900px\" \/><\/figure>\n\n\n\n<h3 class=\"wp-block-heading\">CALABAZA CARRUECANO<\/h3>\n\n\n\n<p>Una variedad de alta productividad y sabor intenso, cultivada bajo pr\u00e1cticas sostenibles.<\/p>\n<\/div>\n\n\n\n<div class=\"wp-block-column is-style-default is-layout-flow wp-block-column-is-layout-flow\" style=\"border-style:none;border-width:0px;padding-top:0;padding-right:0;padding-bottom:0;padding-left:0\">\n<figure class=\"wp-block-image size-full\"><img loading=\"lazy\" decoding=\"async\" width=\"1512\" height=\"2016\" src=\"https:\/\/peruvianexotics.com.pe\/wp-content\/uploads\/2026\/01\/2018-11-06-17.13.17-Copy.jpg\" alt=\"\" class=\"wp-image-168\" srcset=\"https:\/\/peruvianexotics.com.pe\/wp-content\/uploads\/2026\/01\/2018-11-06-17.13.17-Copy.jpg 1512w, https:\/\/peruvianexotics.com.pe\/wp-content\/uploads\/2026\/01\/2018-11-06-17.13.17-Copy-225x300.jpg 225w, https:\/\/peruvianexotics.com.pe\/wp-content\/uploads\/2026\/01\/2018-11-06-17.13.17-Copy-768x1024.jpg 768w\" sizes=\"auto, (max-width: 1512px) 100vw, 1512px\" \/><\/figure>\n\n\n\n<h3 class=\"wp-block-heading\">CEBOLLA DULCE<\/h3>\n\n\n\n<p>Cosechada en los valles soleados de Ica, nuestra cebolla dulce combina sabor suave, textura crujiente y larga vida post cosecha. Ideal para el mercado fresco y procesado<\/p>\n<\/div>\n\n\n\n<div class=\"wp-block-column is-style-default is-layout-flow wp-block-column-is-layout-flow\" style=\"border-style:none;border-width:0px;padding-top:0;padding-right:0;padding-bottom:0;padding-left:0\">\n<figure class=\"wp-block-image size-full\"><img loading=\"lazy\" decoding=\"async\" width=\"2025\" height=\"1821\" src=\"https:\/\/peruvianexotics.com.pe\/wp-content\/uploads\/2026\/01\/Untitled-RRR1.jpg\" alt=\"\" class=\"wp-image-166\" srcset=\"https:\/\/peruvianexotics.com.pe\/wp-content\/uploads\/2026\/01\/Untitled-RRR1.jpg 2025w, https:\/\/peruvianexotics.com.pe\/wp-content\/uploads\/2026\/01\/Untitled-RRR1-300x270.jpg 300w, https:\/\/peruvianexotics.com.pe\/wp-content\/uploads\/2026\/01\/Untitled-RRR1-1024x921.jpg 1024w, https:\/\/peruvianexotics.com.pe\/wp-content\/uploads\/2026\/01\/Untitled-RRR1-2000x1799.jpg 2000w\" sizes=\"auto, (max-width: 2025px) 100vw, 2025px\" \/><\/figure>\n\n\n\n\n<\/div>\n<\/div>\n\n\n\n<div style=\"height:100px\" aria-hidden=\"true\" class=\"wp-block-spacer\"><\/div>\n<\/div>\n<\/div>\n\n\n\n<div class=\"wp-block-group is-style-default has-light-background-background-color has-background has-global-padding is-layout-constrained wp-container-core-group-is-layout-02ab25f7 wp-block-group-is-layout-constrained\" style=\"padding-top:60px;padding-bottom:60px;padding-left:0\">\n<div class=\"wp-block-group has-global-padding is-layout-constrained wp-block-group-is-layout-constrained\">\n<div class=\"wp-block-columns is-layout-flex wp-container-core-columns-is-layout-d7d455e7 wp-block-columns-is-layout-flex\" style=\"padding-top:0;padding-right:0;padding-bottom:0;padding-left:0\">\n<div class=\"wp-block-column is-vertically-aligned-top is-layout-flow wp-block-column-is-layout-flow\" style=\"flex-basis:50%\">\n<figure class=\"wp-block-image alignright size-full\"><img loading=\"lazy\" decoding=\"async\" width=\"900\" height=\"809\" src=\"https:\/\/peruvianexotics.com.pe\/wp-content\/uploads\/2026\/01\/Untitled-1.png\" alt=\"\" class=\"wp-image-156\" srcset=\"https:\/\/peruvianexotics.com.pe\/wp-content\/uploads\/2026\/01\/Untitled-1.png 900w, https:\/\/peruvianexotics.com.pe\/wp-content\/uploads\/2026\/01\/Untitled-1-300x270.png 300w\" sizes=\"auto, (max-width: 900px) 100vw, 900px\" \/><\/figure>\n<\/div>\n\n\n\n<div class=\"wp-block-column is-vertically-aligned-center is-layout-flow wp-block-column-is-layout-flow\" style=\"padding-left:var(--wp--preset--spacing--80);flex-basis:50%\">\n<p class=\"has-text-color\" style=\"color:#0bb4aa\"><\/p>\n\n\n\n<h2 class=\"wp-block-heading has-large-font-size\">Nuestros Valores<\/h2>\n\n\n\n<p>Sostenibilidad: cultivamos respetando la tierra y promoviendo la regeneraci\u00f3n del suelo.<br>Compromiso humano: las personas son el coraz\u00f3n de nuestra empresa.<br>Innovaci\u00f3n:apostamos por la mejora continua y el desarrollo de semillas propias.<br>Responsabilidad: cumplimos est\u00e1ndares internacionales que garantizan calidad y transparencia.<br>Pasi\u00f3n por lo que hacemos: cada cosecha refleja nuestro amor por el campo y por el Peru.<\/p>\n<\/div>\n<\/div>\n<\/div>\n<\/div>\n\n\n\n<div class=\"wp-block-group has-global-padding is-layout-constrained wp-block-group-is-layout-constrained\">\n<div class=\"wp-block-group is-layout-flow wp-block-group-is-layout-flow\">\n<div style=\"height:100px\" aria-hidden=\"true\" class=\"wp-block-spacer\"><\/div>\n\n\n\n<div class=\"wp-block-columns is-layout-flex wp-container-core-columns-is-layout-28f84493 wp-block-columns-is-layout-flex\">\n<div class=\"wp-block-column is-layout-flow wp-block-column-is-layout-flow\">\n<p class=\"has-text-align-left has-text-color\" style=\"color:#0bb4aa\"><\/p>\n\n\n\n<h2 class=\"wp-block-heading has-text-align-left has-large-font-size\">NUESTRA UBICACI\u00d3N<\/h2>\n\n\n\n<div class=\"wp-block-columns is-layout-flex wp-container-core-columns-is-layout-28f84493 wp-block-columns-is-layout-flex\">\n<div class=\"wp-block-column is-layout-flow wp-block-column-is-layout-flow\">\n<p style=\"line-height:2.5\">PERU<br><\/p>\n<\/div>\n\n\n\n<div class=\"wp-block-column is-layout-flow wp-block-column-is-layout-flow\">\n<p style=\"line-height:2.5\"><\/p>\n<\/div>\n<\/div>\n<\/div>\n\n\n\n<div class=\"wp-block-column is-layout-flow wp-block-column-is-layout-flow\">\n<figure class=\"wp-block-image size-large is-resized\"><img loading=\"lazy\" decoding=\"async\" width=\"2040\" height=\"2040\" src=\"https:\/\/peruvianexotics.com.pe\/wp-content\/uploads\/2026\/01\/Captura-de-pantalla-2026-01-09-a-las-12.02-edited.png\" alt=\"\" class=\"wp-image-170\" style=\"width:380px;height:auto\" srcset=\"https:\/\/peruvianexotics.com.pe\/wp-content\/uploads\/2026\/01\/Captura-de-pantalla-2026-01-09-a-las-12.02-edited.png 2040w, https:\/\/peruvianexotics.com.pe\/wp-content\/uploads\/2026\/01\/Captura-de-pantalla-2026-01-09-a-las-12.02-edited-300x300.png 300w, https:\/\/peruvianexotics.com.pe\/wp-content\/uploads\/2026\/01\/Captura-de-pantalla-2026-01-09-a-las-12.02-edited-1024x1024.png 1024w, https:\/\/peruvianexotics.com.pe\/wp-content\/uploads\/2026\/01\/Captura-de-pantalla-2026-01-09-a-las-12.02-edited-150x150.png 150w, https:\/\/peruvianexotics.com.pe\/wp-content\/uploads\/2026\/01\/Captura-de-pantalla-2026-01-09-a-las-12.02-edited-2000x2000.png 2000w\" sizes=\"auto, (max-width: 2040px) 100vw, 2040px\" \/><\/figure>\n<\/div>\n<\/div>\n\n\n\n<div style=\"height:100px\" aria-hidden=\"true\" class=\"wp-block-spacer\"><\/div>\n\n\n\n<hr class=\"wp-block-separator has-text-color has-lightgrey-color has-alpha-channel-opacity has-lightgrey-background-color has-background is-style-wide\"\/>\n<\/div>\n<\/div>\n\n\n\n<div style=\"height:50px\" aria-hidden=\"true\" class=\"wp-block-spacer\"><\/div>\n","protected":false},"excerpt":{"rendered":"<p>Cultivamos calidad, exportamos confianza. CALABAZA KABOCHA De piel verde intensa y pulpa anaranjada, dulce y cremosa. Muy apreciada por su sabor y valor nutricional. CALABAZA VALENTINA Variedad de textura firme y color brillante, perfecta para pur\u00e9s, toppings y exportaci\u00f3n gourmet. CALABAZA TROPICANA Resistente y vers\u00e1til, con excelente rendimiento y sabor balanceado. Ideal para exportaci\u00f3n en &hellip; <\/p>\n<p class=\"link-more\"><a href=\"https:\/\/peruvianexotics.com.pe\/?page_id=140\" class=\"more-link\">Leer m\u00e1s<span class=\"screen-reader-text\"> \u00abHortalizas\u00bb<\/span><\/a><\/p>\n","protected":false},"author":1,"featured_media":0,"parent":0,"menu_order":0,"comment_status":"closed","ping_status":"closed","template":"page-templates\/full-width-no-title.php","meta":{"_inspiro_hide_title":false,"footnotes":""},"class_list":["post-140","page","type-page","status-publish","hentry"],"_links":{"self":[{"href":"https:\/\/peruvianexotics.com.pe\/index.php?rest_route=\/wp\/v2\/pages\/140","targetHints":{"allow":["GET"]}}],"collection":[{"href":"https:\/\/peruvianexotics.com.pe\/index.php?rest_route=\/wp\/v2\/pages"}],"about":[{"href":"https:\/\/peruvianexotics.com.pe\/index.php?rest_route=\/wp\/v2\/types\/page"}],"author":[{"embeddable":true,"href":"https:\/\/peruvianexotics.com.pe\/index.php?rest_route=\/wp\/v2\/users\/1"}],"replies":[{"embeddable":true,"href":"https:\/\/peruvianexotics.com.pe\/index.php?rest_route=%2Fwp%2Fv2%2Fcomments&post=140"}],"version-history":[{"count":12,"href":"https:\/\/peruvianexotics.com.pe\/index.php?rest_route=\/wp\/v2\/pages\/140\/revisions"}],"predecessor-version":[{"id":255,"href":"https:\/\/peruvianexotics.com.pe\/index.php?rest_route=\/wp\/v2\/pages\/140\/revisions\/255"}],"wp:attachment":[{"href":"https:\/\/peruvianexotics.com.pe\/index.php?rest_route=%2Fwp%2Fv2%2Fmedia&parent=140"}],"curies":[{"name":"wp","href":"https:\/\/api.w.org\/{rel}","templated":true}]}}